{"id":950,"date":"2021-04-06T19:33:23","date_gmt":"2021-04-06T17:33:23","guid":{"rendered":"https:\/\/manzanitastraducciones.com\/?page_id=950"},"modified":"2021-04-12T17:44:38","modified_gmt":"2021-04-12T15:44:38","slug":"home","status":"publish","type":"page","link":"https:\/\/manzanitastraducciones.com\/en\/","title":{"rendered":"Home"},"content":{"rendered":"<h1>Editorial services<\/h1>\n<p>Apart from working as literary translators, in Manzanitas Traducciones we offer different services such as reader\u2019s reports, proofreading, and editing.<\/p>\n<p>\t\t\t<a role=\"button\"><br \/>\n\t\t\t\t\t\tServices<br \/>\n\t\t\t\t\t<\/a><br \/>\n\t\t\t<a role=\"button\"><br \/>\n\t\t\t\t\t\tAbout us<br \/>\n\t\t\t\t\t<\/a><br \/>\n\t\t\t\t\t\t\t\t\t\t<img loading=\"lazy\" decoding=\"async\" width=\"600\" height=\"600\" src=\"https:\/\/manzanitastraducciones.com\/wp-content\/uploads\/2021\/04\/tamara-y-yuliss-1.jpg\" alt=\"Tamara y Juliss (Manzanitas Traducciones)\" loading=\"lazy\" srcset=\"https:\/\/manzanitastraducciones.com\/wp-content\/uploads\/2021\/04\/tamara-y-yuliss-1.jpg 600w, https:\/\/manzanitastraducciones.com\/wp-content\/uploads\/2021\/04\/tamara-y-yuliss-1-300x300.jpg 300w, https:\/\/manzanitastraducciones.com\/wp-content\/uploads\/2021\/04\/tamara-y-yuliss-1-150x150.jpg 150w\" sizes=\"auto, (max-width: 600px) 100vw, 600px\" \/><br \/>\n\t\t\t\t\t\t\t\t\t\t<img loading=\"lazy\" decoding=\"async\" width=\"600\" height=\"600\" src=\"https:\/\/manzanitastraducciones.com\/wp-content\/uploads\/2021\/04\/tamara-y-yuliss-2.jpg\" alt=\"Tamara y Juliss (Manzanitas Traducciones)\" loading=\"lazy\" srcset=\"https:\/\/manzanitastraducciones.com\/wp-content\/uploads\/2021\/04\/tamara-y-yuliss-2.jpg 600w, https:\/\/manzanitastraducciones.com\/wp-content\/uploads\/2021\/04\/tamara-y-yuliss-2-300x300.jpg 300w, https:\/\/manzanitastraducciones.com\/wp-content\/uploads\/2021\/04\/tamara-y-yuliss-2-150x150.jpg 150w\" sizes=\"auto, (max-width: 600px) 100vw, 600px\" \/>\t\t\t\t\t\t\t\t\t\t\t<\/p>\n<p>Once upon a time there was an online community which shall not be named. Yuliss M. Priego and Tamara Arteaga met while discussing fanfics, and the rest is history\u2026<\/p>\n<p>Both had joined said website and started to chat about the stories they had read as well as some recommendations and books. By chance, they studied the BA in Translation and Interpreting at the same time, from 2009 to 2013 (Yuliss in Malaga and Tamara in Vitoria), and the MA in Translation for Publishing at University of Malaga.<\/p>\n<p>Yuliss and Tamara have worked together in different projects, either writing articles and reviews for RomanTica\u2019S Magazzine, or on the blog <em>La Biblioteca de Basileia<\/em> and its Youtube channel, <em>Las Manzanitas de Basileia<\/em>, and finally in Language Corner, a language school. It was just a matter of time that they started translating together, really.<\/p>\n<p>Having translated more than thirty novels, they also have several original ideas for stories in mind.<\/p>\n<h2>Services<\/h2>\n<p>\t\t\t\t\t\t\t\t\t\t<img loading=\"lazy\" decoding=\"async\" width=\"226\" height=\"226\" src=\"https:\/\/manzanitastraducciones.com\/wp-content\/uploads\/2021\/04\/icono-traduccion-literaria-2.png\" alt=\"icono traducci\u00f3n literaria\" loading=\"lazy\" srcset=\"https:\/\/manzanitastraducciones.com\/wp-content\/uploads\/2021\/04\/icono-traduccion-literaria-2.png 226w, https:\/\/manzanitastraducciones.com\/wp-content\/uploads\/2021\/04\/icono-traduccion-literaria-2-150x150.png 150w\" sizes=\"auto, (max-width: 226px) 100vw, 226px\" \/>\t\t\t\t\t\t\t\t\t\t\t<\/p>\n<h3>Literary Translations<\/h3>\n<p>Are you an <em>indie<\/em> author looking for your novel to reach a worldwide audience? \u00bfAre you an agent or publisher looking for freelance translators to translate the books you want to publish?<\/p>\n<p>\t\t\t\t\t\t\t\t\t\t<img loading=\"lazy\" decoding=\"async\" width=\"226\" height=\"226\" src=\"https:\/\/manzanitastraducciones.com\/wp-content\/uploads\/2021\/04\/icono-informe-lectura-2-1.png\" alt=\"icono informe de lectura\" loading=\"lazy\" srcset=\"https:\/\/manzanitastraducciones.com\/wp-content\/uploads\/2021\/04\/icono-informe-lectura-2-1.png 226w, https:\/\/manzanitastraducciones.com\/wp-content\/uploads\/2021\/04\/icono-informe-lectura-2-1-150x150.png 150w\" sizes=\"auto, (max-width: 226px) 100vw, 226px\" \/>\t\t\t\t\t\t\t\t\t\t\t<\/p>\n<h3>Reader\u2019s Reports<\/h3>\n<p>Perhaps you\u2019ve already finished your manuscript and you wonder and its strengths and weaknesses or the changes you could make to improve it.<\/p>\n<p>\t\t\t\t\t\t\t\t\t\t<img loading=\"lazy\" decoding=\"async\" width=\"226\" height=\"226\" src=\"https:\/\/manzanitastraducciones.com\/wp-content\/uploads\/2021\/04\/icono-correccion-revision-2.png\" alt=\"icono correcci\u00f3n y revisi\u00f3n\" loading=\"lazy\" srcset=\"https:\/\/manzanitastraducciones.com\/wp-content\/uploads\/2021\/04\/icono-correccion-revision-2.png 226w, https:\/\/manzanitastraducciones.com\/wp-content\/uploads\/2021\/04\/icono-correccion-revision-2-150x150.png 150w\" sizes=\"auto, (max-width: 226px) 100vw, 226px\" \/>\t\t\t\t\t\t\t\t\t\t\t<\/p>\n<h3>Proofreading and Editing<\/h3>\n<p>Have you finished writing a novel, article or project and feel afraid of missing any typos or phrases that don\u2019t exactly convey what you\u2019re trying to express?<\/p>\n<p>\t\t\t\t\t\t\t\t\t\t<img loading=\"lazy\" decoding=\"async\" width=\"226\" height=\"226\" src=\"https:\/\/manzanitastraducciones.com\/wp-content\/uploads\/2021\/04\/icono-adaptacion-textos.png\" alt=\"icono adaptaci\u00f3n de textos\" loading=\"lazy\" srcset=\"https:\/\/manzanitastraducciones.com\/wp-content\/uploads\/2021\/04\/icono-adaptacion-textos.png 226w, https:\/\/manzanitastraducciones.com\/wp-content\/uploads\/2021\/04\/icono-adaptacion-textos-150x150.png 150w\" sizes=\"auto, (max-width: 226px) 100vw, 226px\" \/>\t\t\t\t\t\t\t\t\t\t\t<\/p>\n<h3>Adaptation of texts<\/h3>\n<p>The Spanish language has a wide variety of dialects and rich lexicon, therefore it\u2019s not always possible to use a standard language for every Spanish-speaking region.<\/p>\n<p>\t\t\t<a role=\"button\"><br \/>\n\t\t\t\t\t\tinfo<br \/>\n\t\t\t\t\t<\/a><\/p>\n<h2>Photos with translations<\/h2>\n<p>\t\t\t\t\t\t\t<a href=\"https:\/\/manzanitastraducciones.com\/wp-content\/uploads\/2021\/04\/Cada-dos-semanas-1-scaled.jpg\" data-elementor-open-lightbox=\"yes\" data-elementor-lightbox-slideshow=\"all-62674b7\" data-elementor-lightbox-title=\"Cada dos semanas\"><br \/>\n\t\t\t\t\t\t\t\t\t\t\t\t\tCada dos semanas<br \/>\n\t\t\t\t\t\t\t\t\t<\/a><br \/>\n\t\t\t\t\t\t\t<a href=\"https:\/\/manzanitastraducciones.com\/wp-content\/uploads\/2021\/04\/Cancion-de-sangre-1.jpg\" data-elementor-open-lightbox=\"yes\" data-elementor-lightbox-slideshow=\"all-62674b7\" data-elementor-lightbox-title=\"Canci\u00f3n de sangre\"><br \/>\n\t\t\t\t\t\t\t\t\t\t\t\t\tCanci\u00f3n de sangre<br \/>\n\t\t\t\t\t\t\t\t\t<\/a><br \/>\n\t\t\t\t\t\t\t<a href=\"https:\/\/manzanitastraducciones.com\/wp-content\/uploads\/2021\/04\/La-muerte-de-las-cuatro-reinas-1.jpg\" data-elementor-open-lightbox=\"yes\" data-elementor-lightbox-slideshow=\"all-62674b7\" data-elementor-lightbox-title=\"La muerte de las cuatro reinas\"><br \/>\n\t\t\t\t\t\t\t\t\t\t\t\t\tLa muerte de las cuatro reinas<br \/>\n\t\t\t\t\t\t\t\t\t<\/a><br \/>\n\t\t\t\t\t\t\t<a href=\"https:\/\/manzanitastraducciones.com\/wp-content\/uploads\/2021\/04\/La-lucha-1.jpg\" data-elementor-open-lightbox=\"yes\" data-elementor-lightbox-slideshow=\"all-62674b7\" data-elementor-lightbox-title=\"La lucha\"><br \/>\n\t\t\t\t\t\t\t\t\t\t\t\t\tLa lucha<br \/>\n\t\t\t\t\t\t\t\t\t<\/a><br \/>\n\t\t\t<a role=\"button\"><br \/>\n\t\t\t\t\t\tPhotos<br \/>\n\t\t\t\t\t<\/a><\/p>\n<h2>Our clients think&#8230;<\/h2>\n<p>\t\t\t\t\t\t\t<img decoding=\"async\" src=\"https:\/\/manzanitastraducciones.com\/wp-content\/uploads\/2021\/04\/review-ediciones-urano.jpg\" alt=\"Esther Sanz\"><br \/>\n\t\t\t\t\t\t\t\t\t\t<cite>Esther Sanz<i>&#xE934;<\/i><i>&#xE934;<\/i><i>&#xE934;<\/i><i>&#xE934;<\/i><i>&#xE934;<\/i>Ediciones Urano y autora<\/cite>\t\t\t\t\tRead More<br \/>\n\t\t\t\t\t\t\u00abTrabajar con Manzanitas Traducciones siempre es una apuesta segura, tanto para la novela como para libros de no ficci\u00f3n. Lo mejor de ellas: su profesionalidad, su puntualidad en la entrega y el buen trato. Son geniales\u00bb.<br \/>\n\t\t\t\t\t\t\t<img decoding=\"async\" src=\"https:\/\/manzanitastraducciones.com\/wp-content\/uploads\/2021\/04\/review-ediciones-arcanas-1.jpg\" alt=\"Cosmin F. Stircescu\"><br \/>\n\t\t\t\t\t\t\t\t\t\t<cite>Cosmin F. Stircescu<i>&#xE934;<\/i><i>&#xE934;<\/i><i>&#xE934;<\/i><i>&#xE934;<\/i><i>&#xE934;<\/i>Ediciones Arcanas y autor<\/cite>\t\t\t\t\tRead More<br \/>\n\t\t\t\t\t\t\u00abVer alguno de mis libros publicado en ingl\u00e9s era un sue\u00f1o que deseaba cumplir desde hac\u00eda a\u00f1os. Cuando se present\u00f3 la ocasi\u00f3n de trabajar con Manzanitas Traducciones, no lo dud\u00e9. La relaci\u00f3n calidad-precio es insuperable y el trato, muy cercano\u00bb.<br \/>\n\t\t\t\t\t\t\t<img decoding=\"async\" src=\"https:\/\/manzanitastraducciones.com\/wp-content\/uploads\/2021\/04\/review-true-souls.jpg\" alt=\"Nerea y Oihane (True Souls)\"><br \/>\n\t\t\t\t\t\t\t\t\t\t<cite>Nerea y Oihane (True Souls)<i>&#xE934;<\/i><i>&#xE934;<\/i><i>&#xE934;<\/i><i>&#xE934;<\/i><i>&#xE934;<\/i>Autoras<\/cite>\t\t\t\t\tRead More<br \/>\n\t\t\t\t\t\t\u00abProfesionalidad y coraz\u00f3n en su trabajo. Como autoras, nos han aportado los mejores consejos y garantizado grandes resultados\u00bb.<br \/>\n\t\t\t\t\t\t\t<img decoding=\"async\" src=\"https:\/\/manzanitastraducciones.com\/wp-content\/uploads\/2021\/04\/review-romanticas-magazzine.jpg\" alt=\"Loli D\u00edaz\"><br \/>\n\t\t\t\t\t\t\t\t\t\t<cite>Loli D\u00edaz<i>&#xE934;<\/i><i>&#xE934;<\/i><i>&#xE934;<\/i><i>&#xE934;<\/i><i>&#xE934;<\/i>directora de Rom\u00e1nTica\u2019S Magazzine<\/cite>\t\t\t\t\tRead More<br \/>\n\t\t\t\t\t\t\u00abTrabajar con ellas y junto a ellas siempre ha sido gratificante. Yuliss es genial para trabajar bajo presi\u00f3n y a contrarreloj. Tamara aporta chispa y alegr\u00eda, lo que lleva a que los estados de \u00e1nimo de un equipo siempre est\u00e9n arriba\u00bb.<br \/>\n\t\t\t\t\t\t\tPrevious<br \/>\n\t\t\t\t\t\t\tNext<\/p>\n","protected":false},"excerpt":{"rendered":"<p>Editorial services Apart from working as literary translators, in Manzanitas Traducciones we offer different services such as reader\u2019s reports, proofreading, and editing. Services About us Once upon a time there was an online community which shall not be named. Yuliss M. Priego and Tamara Arteaga met while discussing fanfics, and the rest is history\u2026 Both [&hellip;]<\/p>\n","protected":false},"author":1,"featured_media":1197,"parent":0,"menu_order":0,"comment_status":"closed","ping_status":"closed","template":"elementor_header_footer","meta":{"site-sidebar-layout":"default","site-content-layout":"page-builder","ast-site-content-layout":"default","site-content-style":"default","site-sidebar-style":"default","ast-global-header-display":"","ast-banner-title-visibility":"","ast-main-header-display":"disabled","ast-hfb-above-header-display":"","ast-hfb-below-header-display":"","ast-hfb-mobile-header-display":"disabled","site-post-title":"disabled","ast-breadcrumbs-content":"disabled","ast-featured-img":"disabled","footer-sml-layout":"disabled","ast-disable-related-posts":"","theme-transparent-header-meta":"default","adv-header-id-meta":"","stick-header-meta":"","header-above-stick-meta":"","header-main-stick-meta":"","header-below-stick-meta":"","astra-migrate-meta-layouts":"default","ast-page-background-enabled":"default","ast-page-background-meta":{"desktop":{"background-color":"","background-image":"","background-repeat":"repeat","background-position":"center center","background-size":"auto","background-attachment":"scroll","background-type":"","background-media":"","overlay-type":"","overlay-color":"","overlay-opacity":"","overlay-gradient":""},"tablet":{"background-color":"","background-image":"","background-repeat":"repeat","background-position":"center center","background-size":"auto","background-attachment":"scroll","background-type":"","background-media":"","overlay-type":"","overlay-color":"","overlay-opacity":"","overlay-gradient":""},"mobile":{"background-color":"","background-image":"","background-repeat":"repeat","background-position":"center center","background-size":"auto","background-attachment":"scroll","background-type":"","background-media":"","overlay-type":"","overlay-color":"","overlay-opacity":"","overlay-gradient":""}},"ast-content-background-meta":{"desktop":{"background-color":"var(--ast-global-color-5)","background-image":"","background-repeat":"repeat","background-position":"center center","background-size":"auto","background-attachment":"scroll","background-type":"","background-media":"","overlay-type":"","overlay-color":"","overlay-opacity":"","overlay-gradient":""},"tablet":{"background-color":"var(--ast-global-color-5)","background-image":"","background-repeat":"repeat","background-position":"center center","background-size":"auto","background-attachment":"scroll","background-type":"","background-media":"","overlay-type":"","overlay-color":"","overlay-opacity":"","overlay-gradient":""},"mobile":{"background-color":"var(--ast-global-color-5)","background-image":"","background-repeat":"repeat","background-position":"center center","background-size":"auto","background-attachment":"scroll","background-type":"","background-media":"","overlay-type":"","overlay-color":"","overlay-opacity":"","overlay-gradient":""}},"footnotes":""},"class_list":["post-950","page","type-page","status-publish","has-post-thumbnail","hentry"],"yoast_head":"<!-- This site is optimized with the Yoast SEO plugin v27.5 - https:\/\/yoast.com\/product\/yoast-seo-wordpress\/ -->\n<title>Home - Manzanitas Traducciones<\/title>\n<meta name=\"description\" content=\"Apart from working as literary translators, in Manzanitas Traducciones we offer different services such as reader\u2019s reports, proofreading, and editing.\" \/>\n<meta name=\"robots\" content=\"index, follow, max-snippet:-1, max-image-preview:large, max-video-preview:-1\" \/>\n<link rel=\"canonical\" href=\"https:\/\/manzanitastraducciones.com\/en\/\" \/>\n<meta property=\"og:locale\" content=\"en_US\" \/>\n<meta property=\"og:type\" content=\"article\" \/>\n<meta property=\"og:title\" content=\"Home - Manzanitas Traducciones\" \/>\n<meta property=\"og:description\" content=\"Apart from working as literary translators, in Manzanitas Traducciones we offer different services such as reader\u2019s reports, proofreading, and editing.\" \/>\n<meta property=\"og:url\" content=\"https:\/\/manzanitastraducciones.com\/en\/\" \/>\n<meta property=\"og:site_name\" content=\"Manzanitas Traducciones\" \/>\n<meta property=\"article:modified_time\" content=\"2021-04-12T15:44:38+00:00\" \/>\n<meta property=\"og:image\" content=\"https:\/\/manzanitastraducciones.com\/wp-content\/uploads\/2021\/04\/logo-cuadrado.png\" \/>\n\t<meta property=\"og:image:width\" content=\"300\" \/>\n\t<meta property=\"og:image:height\" content=\"300\" \/>\n\t<meta property=\"og:image:type\" content=\"image\/png\" \/>\n<meta name=\"twitter:card\" content=\"summary_large_image\" \/>\n<meta name=\"twitter:site\" content=\"@ManzanitasTrad\" \/>\n<meta name=\"twitter:label1\" content=\"Est. reading time\" \/>\n\t<meta name=\"twitter:data1\" content=\"8 minutes\" \/>\n<script type=\"application\/ld+json\" class=\"yoast-schema-graph\">{\"@context\":\"https:\\\/\\\/schema.org\",\"@graph\":[{\"@type\":\"WebPage\",\"@id\":\"https:\\\/\\\/manzanitastraducciones.com\\\/en\\\/\",\"url\":\"https:\\\/\\\/manzanitastraducciones.com\\\/en\\\/\",\"name\":\"Home - Manzanitas Traducciones\",\"isPartOf\":{\"@id\":\"https:\\\/\\\/manzanitastraducciones.com\\\/en\\\/#website\"},\"primaryImageOfPage\":{\"@id\":\"https:\\\/\\\/manzanitastraducciones.com\\\/en\\\/#primaryimage\"},\"image\":{\"@id\":\"https:\\\/\\\/manzanitastraducciones.com\\\/en\\\/#primaryimage\"},\"thumbnailUrl\":\"https:\\\/\\\/manzanitastraducciones.com\\\/wp-content\\\/uploads\\\/2021\\\/04\\\/logo-cuadrado.png\",\"datePublished\":\"2021-04-06T17:33:23+00:00\",\"dateModified\":\"2021-04-12T15:44:38+00:00\",\"description\":\"Apart from working as literary translators, in Manzanitas Traducciones we offer different services such as reader\u2019s reports, proofreading, and editing.\",\"breadcrumb\":{\"@id\":\"https:\\\/\\\/manzanitastraducciones.com\\\/en\\\/#breadcrumb\"},\"inLanguage\":\"en-US\",\"potentialAction\":[{\"@type\":\"ReadAction\",\"target\":[\"https:\\\/\\\/manzanitastraducciones.com\\\/en\\\/\"]}]},{\"@type\":\"ImageObject\",\"inLanguage\":\"en-US\",\"@id\":\"https:\\\/\\\/manzanitastraducciones.com\\\/en\\\/#primaryimage\",\"url\":\"https:\\\/\\\/manzanitastraducciones.com\\\/wp-content\\\/uploads\\\/2021\\\/04\\\/logo-cuadrado.png\",\"contentUrl\":\"https:\\\/\\\/manzanitastraducciones.com\\\/wp-content\\\/uploads\\\/2021\\\/04\\\/logo-cuadrado.png\",\"width\":300,\"height\":300,\"caption\":\"logo Manzanitas Traducciones\"},{\"@type\":\"BreadcrumbList\",\"@id\":\"https:\\\/\\\/manzanitastraducciones.com\\\/en\\\/#breadcrumb\",\"itemListElement\":[{\"@type\":\"ListItem\",\"position\":1,\"name\":\"Portada\",\"item\":\"https:\\\/\\\/manzanitastraducciones.com\\\/en\\\/\"},{\"@type\":\"ListItem\",\"position\":2,\"name\":\"Home\"}]},{\"@type\":\"WebSite\",\"@id\":\"https:\\\/\\\/manzanitastraducciones.com\\\/en\\\/#website\",\"url\":\"https:\\\/\\\/manzanitastraducciones.com\\\/en\\\/\",\"name\":\"Manzanitas Traducciones\",\"description\":\"En Manzanitas Traducciones, adem\u00e1s de dedicarnos a la traducci\u00f3n editorial, ofrecemos otros servicios como la elaboraci\u00f3n de informes de lectura y la revisi\u00f3n, correcci\u00f3n y adaptaci\u00f3n de textos.\",\"publisher\":{\"@id\":\"https:\\\/\\\/manzanitastraducciones.com\\\/en\\\/#organization\"},\"potentialAction\":[{\"@type\":\"SearchAction\",\"target\":{\"@type\":\"EntryPoint\",\"urlTemplate\":\"https:\\\/\\\/manzanitastraducciones.com\\\/en\\\/?s={search_term_string}\"},\"query-input\":{\"@type\":\"PropertyValueSpecification\",\"valueRequired\":true,\"valueName\":\"search_term_string\"}}],\"inLanguage\":\"en-US\"},{\"@type\":\"Organization\",\"@id\":\"https:\\\/\\\/manzanitastraducciones.com\\\/en\\\/#organization\",\"name\":\"Manzanitas Traducciones\",\"url\":\"https:\\\/\\\/manzanitastraducciones.com\\\/en\\\/\",\"logo\":{\"@type\":\"ImageObject\",\"inLanguage\":\"en-US\",\"@id\":\"https:\\\/\\\/manzanitastraducciones.com\\\/en\\\/#\\\/schema\\\/logo\\\/image\\\/\",\"url\":\"https:\\\/\\\/manzanitastraducciones.com\\\/wp-content\\\/uploads\\\/2021\\\/04\\\/logo-cuadrado.png\",\"contentUrl\":\"https:\\\/\\\/manzanitastraducciones.com\\\/wp-content\\\/uploads\\\/2021\\\/04\\\/logo-cuadrado.png\",\"width\":300,\"height\":300,\"caption\":\"Manzanitas Traducciones\"},\"image\":{\"@id\":\"https:\\\/\\\/manzanitastraducciones.com\\\/en\\\/#\\\/schema\\\/logo\\\/image\\\/\"},\"sameAs\":[\"https:\\\/\\\/x.com\\\/ManzanitasTrad\",\"https:\\\/\\\/www.instagram.com\\\/manzanitas_traducciones\\\/?hl=es\",\"https:\\\/\\\/www.linkedin.com\\\/in\\\/manzanitas-traducciones-54810a1bb\\\/\"]}]}<\/script>\n<!-- \/ Yoast SEO plugin. -->","yoast_head_json":{"title":"Home - Manzanitas Traducciones","description":"Apart from working as literary translators, in Manzanitas Traducciones we offer different services such as reader\u2019s reports, proofreading, and editing.","robots":{"index":"index","follow":"follow","max-snippet":"max-snippet:-1","max-image-preview":"max-image-preview:large","max-video-preview":"max-video-preview:-1"},"canonical":"https:\/\/manzanitastraducciones.com\/en\/","og_locale":"en_US","og_type":"article","og_title":"Home - Manzanitas Traducciones","og_description":"Apart from working as literary translators, in Manzanitas Traducciones we offer different services such as reader\u2019s reports, proofreading, and editing.","og_url":"https:\/\/manzanitastraducciones.com\/en\/","og_site_name":"Manzanitas Traducciones","article_modified_time":"2021-04-12T15:44:38+00:00","og_image":[{"width":300,"height":300,"url":"https:\/\/manzanitastraducciones.com\/wp-content\/uploads\/2021\/04\/logo-cuadrado.png","type":"image\/png"}],"twitter_card":"summary_large_image","twitter_site":"@ManzanitasTrad","twitter_misc":{"Est. reading time":"8 minutes"},"schema":{"@context":"https:\/\/schema.org","@graph":[{"@type":"WebPage","@id":"https:\/\/manzanitastraducciones.com\/en\/","url":"https:\/\/manzanitastraducciones.com\/en\/","name":"Home - Manzanitas Traducciones","isPartOf":{"@id":"https:\/\/manzanitastraducciones.com\/en\/#website"},"primaryImageOfPage":{"@id":"https:\/\/manzanitastraducciones.com\/en\/#primaryimage"},"image":{"@id":"https:\/\/manzanitastraducciones.com\/en\/#primaryimage"},"thumbnailUrl":"https:\/\/manzanitastraducciones.com\/wp-content\/uploads\/2021\/04\/logo-cuadrado.png","datePublished":"2021-04-06T17:33:23+00:00","dateModified":"2021-04-12T15:44:38+00:00","description":"Apart from working as literary translators, in Manzanitas Traducciones we offer different services such as reader\u2019s reports, proofreading, and editing.","breadcrumb":{"@id":"https:\/\/manzanitastraducciones.com\/en\/#breadcrumb"},"inLanguage":"en-US","potentialAction":[{"@type":"ReadAction","target":["https:\/\/manzanitastraducciones.com\/en\/"]}]},{"@type":"ImageObject","inLanguage":"en-US","@id":"https:\/\/manzanitastraducciones.com\/en\/#primaryimage","url":"https:\/\/manzanitastraducciones.com\/wp-content\/uploads\/2021\/04\/logo-cuadrado.png","contentUrl":"https:\/\/manzanitastraducciones.com\/wp-content\/uploads\/2021\/04\/logo-cuadrado.png","width":300,"height":300,"caption":"logo Manzanitas Traducciones"},{"@type":"BreadcrumbList","@id":"https:\/\/manzanitastraducciones.com\/en\/#breadcrumb","itemListElement":[{"@type":"ListItem","position":1,"name":"Portada","item":"https:\/\/manzanitastraducciones.com\/en\/"},{"@type":"ListItem","position":2,"name":"Home"}]},{"@type":"WebSite","@id":"https:\/\/manzanitastraducciones.com\/en\/#website","url":"https:\/\/manzanitastraducciones.com\/en\/","name":"Manzanitas Traducciones","description":"En Manzanitas Traducciones, adem\u00e1s de dedicarnos a la traducci\u00f3n editorial, ofrecemos otros servicios como la elaboraci\u00f3n de informes de lectura y la revisi\u00f3n, correcci\u00f3n y adaptaci\u00f3n de textos.","publisher":{"@id":"https:\/\/manzanitastraducciones.com\/en\/#organization"},"potentialAction":[{"@type":"SearchAction","target":{"@type":"EntryPoint","urlTemplate":"https:\/\/manzanitastraducciones.com\/en\/?s={search_term_string}"},"query-input":{"@type":"PropertyValueSpecification","valueRequired":true,"valueName":"search_term_string"}}],"inLanguage":"en-US"},{"@type":"Organization","@id":"https:\/\/manzanitastraducciones.com\/en\/#organization","name":"Manzanitas Traducciones","url":"https:\/\/manzanitastraducciones.com\/en\/","logo":{"@type":"ImageObject","inLanguage":"en-US","@id":"https:\/\/manzanitastraducciones.com\/en\/#\/schema\/logo\/image\/","url":"https:\/\/manzanitastraducciones.com\/wp-content\/uploads\/2021\/04\/logo-cuadrado.png","contentUrl":"https:\/\/manzanitastraducciones.com\/wp-content\/uploads\/2021\/04\/logo-cuadrado.png","width":300,"height":300,"caption":"Manzanitas Traducciones"},"image":{"@id":"https:\/\/manzanitastraducciones.com\/en\/#\/schema\/logo\/image\/"},"sameAs":["https:\/\/x.com\/ManzanitasTrad","https:\/\/www.instagram.com\/manzanitas_traducciones\/?hl=es","https:\/\/www.linkedin.com\/in\/manzanitas-traducciones-54810a1bb\/"]}]}},"_links":{"self":[{"href":"https:\/\/manzanitastraducciones.com\/en\/wp-json\/wp\/v2\/pages\/950","targetHints":{"allow":["GET"]}}],"collection":[{"href":"https:\/\/manzanitastraducciones.com\/en\/wp-json\/wp\/v2\/pages"}],"about":[{"href":"https:\/\/manzanitastraducciones.com\/en\/wp-json\/wp\/v2\/types\/page"}],"author":[{"embeddable":true,"href":"https:\/\/manzanitastraducciones.com\/en\/wp-json\/wp\/v2\/users\/1"}],"replies":[{"embeddable":true,"href":"https:\/\/manzanitastraducciones.com\/en\/wp-json\/wp\/v2\/comments?post=950"}],"version-history":[{"count":32,"href":"https:\/\/manzanitastraducciones.com\/en\/wp-json\/wp\/v2\/pages\/950\/revisions"}],"predecessor-version":[{"id":1388,"href":"https:\/\/manzanitastraducciones.com\/en\/wp-json\/wp\/v2\/pages\/950\/revisions\/1388"}],"wp:featuredmedia":[{"embeddable":true,"href":"https:\/\/manzanitastraducciones.com\/en\/wp-json\/wp\/v2\/media\/1197"}],"wp:attachment":[{"href":"https:\/\/manzanitastraducciones.com\/en\/wp-json\/wp\/v2\/media?parent=950"}],"curies":[{"name":"wp","href":"https:\/\/api.w.org\/{rel}","templated":true}]}}